{"id":11,"date":"2025-04-09T23:34:11","date_gmt":"2025-04-09T21:34:11","guid":{"rendered":"https:\/\/whitneyuniversitysystem.com\/?page_id=11"},"modified":"2025-11-11T18:13:59","modified_gmt":"2025-11-11T17:13:59","slug":"homepage","status":"publish","type":"page","link":"https:\/\/whitneyuniversitysystem.com\/es\/","title":{"rendered":"Homepage"},"content":{"rendered":"<div data-elementor-type=\"wp-page\" data-elementor-id=\"11\" class=\"elementor elementor-11\" data-elementor-post-type=\"page\">\n\t\t\t\t<div class=\"elementor-element elementor-element-b77bff5 elementor-hidden-tablet elementor-hidden-mobile e-flex e-con-boxed e-con e-parent\" data-id=\"b77bff5\" data-element_type=\"container\">\n\t\t\t\t\t<div class=\"e-con-inner\">\n\t\t<div class=\"elementor-element elementor-element-9ba6067 e-con-full e-flex e-con e-child\" data-id=\"9ba6067\" data-element_type=\"container\">\n\t\t<div class=\"elementor-element elementor-element-ea3265f e-con-full e-flex e-con e-child\" data-id=\"ea3265f\" data-element_type=\"container\">\n\t\t<div class=\"elementor-element elementor-element-fcc2d91 e-flex e-con-boxed e-con e-child\" data-id=\"fcc2d91\" data-element_type=\"container\">\n\t\t\t\t\t<div class=\"e-con-inner\">\n\t\t\t\t<div class=\"elementor-element elementor-element-912aef0 elementor-widget elementor-widget-heading\" data-id=\"912aef0\" data-element_type=\"widget\" data-widget_type=\"heading.default\">\n\t\t\t\t<div class=\"elementor-widget-container\">\n\t\t\t\t\t<h2 class=\"elementor-heading-title elementor-size-default\">Conectando ideas, tecnolog\u00eda y educaci\u00f3n para construir el futuro.\u00a0<\/h2>\t\t\t\t<\/div>\n\t\t\t\t<\/div>\n\t\t\t\t<div class=\"elementor-element elementor-element-372cf6b elementor-widget elementor-widget-text-editor\" data-id=\"372cf6b\" data-element_type=\"widget\" data-widget_type=\"text-editor.default\">\n\t\t\t\t<div class=\"elementor-widget-container\">\n\t\t\t\t\t\t\t\t\t<p>Somos una plataforma educativa global con base en Estados Unidos, creada para explorar, vincular y desarrollar oportunidades en el \u00e1mbito de la educaci\u00f3n superior.\u00a0\u00a0\u00a0<\/p>\t\t\t\t\t\t\t\t<\/div>\n\t\t\t\t<\/div>\n\t\t\t\t\t<\/div>\n\t\t\t\t<\/div>\n\t\t\t\t<\/div>\n\t\t<div class=\"elementor-element elementor-element-95df6b8 e-con-full e-flex e-con e-child\" data-id=\"95df6b8\" data-element_type=\"container\">\n\t\t\t\t<div class=\"elementor-element elementor-element-d2af324 elementor-widget elementor-widget-image\" data-id=\"d2af324\" data-element_type=\"widget\" data-widget_type=\"image.default\">\n\t\t\t\t<div class=\"elementor-widget-container\">\n\t\t\t\t\t\t\t\t\t\t\t\t\t\t\t<img fetchpriority=\"high\" decoding=\"async\" width=\"800\" height=\"534\" src=\"https:\/\/whitneyuniversitysystem.com\/wp-content\/uploads\/2025\/04\/banner-chica-1024x683.png\" class=\"attachment-large size-large wp-image-36\" alt=\"\" srcset=\"https:\/\/whitneyuniversitysystem.com\/wp-content\/uploads\/2025\/04\/banner-chica-1024x683.png 1024w, https:\/\/whitneyuniversitysystem.com\/wp-content\/uploads\/2025\/04\/banner-chica-300x200.png 300w, https:\/\/whitneyuniversitysystem.com\/wp-content\/uploads\/2025\/04\/banner-chica-768x512.png 768w, https:\/\/whitneyuniversitysystem.com\/wp-content\/uploads\/2025\/04\/banner-chica.png 1536w\" sizes=\"(max-width: 800px) 100vw, 800px\" \/>\t\t\t\t\t\t\t\t\t\t\t\t\t\t\t<\/div>\n\t\t\t\t<\/div>\n\t\t\t\t<\/div>\n\t\t\t\t<\/div>\n\t\t\t\t\t<\/div>\n\t\t\t\t<\/div>\n\t\t<div class=\"elementor-element elementor-element-6efd089 elementor-hidden-desktop e-flex e-con-boxed e-con e-parent\" data-id=\"6efd089\" data-element_type=\"container\">\n\t\t\t\t\t<div class=\"e-con-inner\">\n\t\t<div class=\"elementor-element elementor-element-cb2b265 e-con-full e-flex e-con e-child\" data-id=\"cb2b265\" data-element_type=\"container\">\n\t\t<div class=\"elementor-element elementor-element-b6220c2 e-con-full e-flex e-con e-child\" data-id=\"b6220c2\" data-element_type=\"container\">\n\t\t<div class=\"elementor-element elementor-element-4209667 e-flex e-con-boxed e-con e-child\" data-id=\"4209667\" data-element_type=\"container\">\n\t\t\t\t\t<div class=\"e-con-inner\">\n\t\t\t\t<div class=\"elementor-element elementor-element-68c7293 elementor-widget elementor-widget-heading\" data-id=\"68c7293\" data-element_type=\"widget\" data-widget_type=\"heading.default\">\n\t\t\t\t<div class=\"elementor-widget-container\">\n\t\t\t\t\t<h2 class=\"elementor-heading-title elementor-size-default\">Conectando ideas, tecnolog\u00eda y educaci\u00f3n para construir el futuro.\u00a0<\/h2>\t\t\t\t<\/div>\n\t\t\t\t<\/div>\n\t\t\t\t<div class=\"elementor-element elementor-element-1e80fa6 elementor-widget elementor-widget-text-editor\" data-id=\"1e80fa6\" data-element_type=\"widget\" data-widget_type=\"text-editor.default\">\n\t\t\t\t<div class=\"elementor-widget-container\">\n\t\t\t\t\t\t\t\t\t<p>Somos una plataforma educativa global con base en Estados Unidos, creada para explorar, vincular y desarrollar oportunidades en el \u00e1mbito de la educaci\u00f3n superior.\u00a0\u00a0\u00a0<\/p>\t\t\t\t\t\t\t\t<\/div>\n\t\t\t\t<\/div>\n\t\t\t\t\t<\/div>\n\t\t\t\t<\/div>\n\t\t\t\t<\/div>\n\t\t<div class=\"elementor-element elementor-element-d3d1f34 e-con-full e-flex e-con e-child\" data-id=\"d3d1f34\" data-element_type=\"container\">\n\t\t\t\t<div class=\"elementor-element elementor-element-6e72454 elementor-widget elementor-widget-image\" data-id=\"6e72454\" data-element_type=\"widget\" data-widget_type=\"image.default\">\n\t\t\t\t<div class=\"elementor-widget-container\">\n\t\t\t\t\t\t\t\t\t\t\t\t\t\t\t<img fetchpriority=\"high\" decoding=\"async\" width=\"800\" height=\"534\" src=\"https:\/\/whitneyuniversitysystem.com\/wp-content\/uploads\/2025\/04\/banner-chica-1024x683.png\" class=\"attachment-large size-large wp-image-36\" alt=\"\" srcset=\"https:\/\/whitneyuniversitysystem.com\/wp-content\/uploads\/2025\/04\/banner-chica-1024x683.png 1024w, https:\/\/whitneyuniversitysystem.com\/wp-content\/uploads\/2025\/04\/banner-chica-300x200.png 300w, https:\/\/whitneyuniversitysystem.com\/wp-content\/uploads\/2025\/04\/banner-chica-768x512.png 768w, https:\/\/whitneyuniversitysystem.com\/wp-content\/uploads\/2025\/04\/banner-chica.png 1536w\" sizes=\"(max-width: 800px) 100vw, 800px\" \/>\t\t\t\t\t\t\t\t\t\t\t\t\t\t\t<\/div>\n\t\t\t\t<\/div>\n\t\t\t\t<\/div>\n\t\t\t\t<\/div>\n\t\t\t\t\t<\/div>\n\t\t\t\t<\/div>\n\t\t<div class=\"elementor-element elementor-element-dc55a2c e-flex e-con-boxed e-con e-parent\" data-id=\"dc55a2c\" data-element_type=\"container\" id=\"aboutus\">\n\t\t\t\t\t<div class=\"e-con-inner\">\n\t\t<div class=\"elementor-element elementor-element-5250ca6 e-con-full e-flex e-con e-child\" data-id=\"5250ca6\" data-element_type=\"container\">\n\t\t<div class=\"elementor-element elementor-element-1732f2f e-con-full e-flex e-con e-child\" data-id=\"1732f2f\" data-element_type=\"container\">\n\t\t<div class=\"elementor-element elementor-element-c9b6611 e-con-full e-flex e-con e-child\" data-id=\"c9b6611\" data-element_type=\"container\">\n\t\t\t\t<div class=\"elementor-element elementor-element-f522a65 elementor-widget elementor-widget-image\" data-id=\"f522a65\" data-element_type=\"widget\" data-widget_type=\"image.default\">\n\t\t\t\t<div class=\"elementor-widget-container\">\n\t\t\t\t\t\t\t\t\t\t\t\t\t\t\t<img decoding=\"async\" width=\"800\" height=\"406\" src=\"https:\/\/whitneyuniversitysystem.com\/wp-content\/uploads\/2025\/04\/image-1024x520.png\" class=\"attachment-large size-large wp-image-38\" alt=\"\" srcset=\"https:\/\/whitneyuniversitysystem.com\/wp-content\/uploads\/2025\/04\/image-1024x520.png 1024w, https:\/\/whitneyuniversitysystem.com\/wp-content\/uploads\/2025\/04\/image-300x152.png 300w, https:\/\/whitneyuniversitysystem.com\/wp-content\/uploads\/2025\/04\/image-768x390.png 768w, https:\/\/whitneyuniversitysystem.com\/wp-content\/uploads\/2025\/04\/image-1536x780.png 1536w, https:\/\/whitneyuniversitysystem.com\/wp-content\/uploads\/2025\/04\/image.png 1603w\" sizes=\"(max-width: 800px) 100vw, 800px\" \/>\t\t\t\t\t\t\t\t\t\t\t\t\t\t\t<\/div>\n\t\t\t\t<\/div>\n\t\t\t\t<\/div>\n\t\t\t\t<\/div>\n\t\t<div class=\"elementor-element elementor-element-03f8e27 e-con-full e-flex e-con e-child\" data-id=\"03f8e27\" data-element_type=\"container\">\n\t\t<div class=\"elementor-element elementor-element-3998d39 e-con-full e-flex e-con e-child\" data-id=\"3998d39\" data-element_type=\"container\">\n\t\t<div class=\"elementor-element elementor-element-67d456b e-con-full e-flex e-con e-child\" data-id=\"67d456b\" data-element_type=\"container\">\n\t\t<div class=\"elementor-element elementor-element-2ea0f0e e-con-full e-flex e-con e-child\" data-id=\"2ea0f0e\" data-element_type=\"container\">\n\t\t\t\t<div class=\"elementor-element elementor-element-168cc6b elementor-widget elementor-widget-heading\" data-id=\"168cc6b\" data-element_type=\"widget\" data-widget_type=\"heading.default\">\n\t\t\t\t<div class=\"elementor-widget-container\">\n\t\t\t\t\t<h5 class=\"elementor-heading-title elementor-size-default\">SOBRE NOSOTROS<\/h5>\t\t\t\t<\/div>\n\t\t\t\t<\/div>\n\t\t\t\t<\/div>\n\t\t\t\t<\/div>\n\t\t<div class=\"elementor-element elementor-element-91477f5 e-con-full e-flex e-con e-child\" data-id=\"91477f5\" data-element_type=\"container\">\n\t\t\t\t<div class=\"elementor-element elementor-element-500e0fa elementor-widget elementor-widget-heading\" data-id=\"500e0fa\" data-element_type=\"widget\" data-widget_type=\"heading.default\">\n\t\t\t\t<div class=\"elementor-widget-container\">\n\t\t\t\t\t<h2 class=\"elementor-heading-title elementor-size-default\">Una visi\u00f3n global \npara la educaci\u00f3n\u00a0<\/h2>\t\t\t\t<\/div>\n\t\t\t\t<\/div>\n\t\t\t\t<\/div>\n\t\t<div class=\"elementor-element elementor-element-e9a2a25 e-con-full e-flex e-con e-child\" data-id=\"e9a2a25\" data-element_type=\"container\">\n\t\t\t\t<div class=\"elementor-element elementor-element-9382665 elementor-widget elementor-widget-text-editor\" data-id=\"9382665\" data-element_type=\"widget\" data-widget_type=\"text-editor.default\">\n\t\t\t\t<div class=\"elementor-widget-container\">\n\t\t\t\t\t\t\t\t\t<div>\u00a0<\/div><p>Whitney University System es una organizaci\u00f3n educativa fundada en Estados Unidos con el objetivo de impulsar iniciativas acad\u00e9micas de alcance internacional. Actuamos como puente entre instituciones, tecnolog\u00eda y conocimiento, explorando oportunidades para el desarrollo de soluciones educativas innovadoras.\u00a0<\/p>\t\t\t\t\t\t\t\t<\/div>\n\t\t\t\t<\/div>\n\t\t\t\t<\/div>\n\t\t\t\t<\/div>\n\t\t\t\t<\/div>\n\t\t\t\t<\/div>\n\t\t\t\t\t<\/div>\n\t\t\t\t<\/div>\n\t\t<div class=\"elementor-element elementor-element-3059f75 e-flex e-con-boxed e-con e-parent\" data-id=\"3059f75\" data-element_type=\"container\" id=\"whatdowedo\">\n\t\t\t\t\t<div class=\"e-con-inner\">\n\t\t<div class=\"elementor-element elementor-element-bf0723d e-con-full e-flex e-con e-child\" data-id=\"bf0723d\" data-element_type=\"container\">\n\t\t<div class=\"elementor-element elementor-element-b679c9e e-con-full e-flex e-con e-child\" data-id=\"b679c9e\" data-element_type=\"container\">\n\t\t<div class=\"elementor-element elementor-element-7233fcf e-con-full e-flex e-con e-child\" data-id=\"7233fcf\" data-element_type=\"container\">\n\t\t<div class=\"elementor-element elementor-element-0d54239 e-con-full e-flex e-con e-child\" data-id=\"0d54239\" data-element_type=\"container\">\n\t\t<div class=\"elementor-element elementor-element-dcab774 e-con-full e-flex e-con e-child\" data-id=\"dcab774\" data-element_type=\"container\">\n\t\t\t\t<div class=\"elementor-element elementor-element-9906769 elementor-widget elementor-widget-heading\" data-id=\"9906769\" data-element_type=\"widget\" data-widget_type=\"heading.default\">\n\t\t\t\t<div class=\"elementor-widget-container\">\n\t\t\t\t\t<h5 class=\"elementor-heading-title elementor-size-default\">QU\u00c9 HACEMOS<\/h5>\t\t\t\t<\/div>\n\t\t\t\t<\/div>\n\t\t\t\t<\/div>\n\t\t\t\t<\/div>\n\t\t\t\t<div class=\"elementor-element elementor-element-e725f94 elementor-widget elementor-widget-heading\" data-id=\"e725f94\" data-element_type=\"widget\" data-widget_type=\"heading.default\">\n\t\t\t\t<div class=\"elementor-widget-container\">\n\t\t\t\t\t<h2 class=\"elementor-heading-title elementor-size-default\">Lo que nos inspira<\/h2>\t\t\t\t<\/div>\n\t\t\t\t<\/div>\n\t\t\t\t<\/div>\n\t\t<div class=\"elementor-element elementor-element-7deb600 e-con-full e-flex e-con e-child\" data-id=\"7deb600\" data-element_type=\"container\">\n\t\t<div class=\"elementor-element elementor-element-99817c0 e-grid e-con-full e-con e-child\" data-id=\"99817c0\" data-element_type=\"container\">\n\t\t<div class=\"elementor-element elementor-element-05adbdc e-con-full e-flex e-con e-child\" data-id=\"05adbdc\" data-element_type=\"container\">\n\t\t<div class=\"elementor-element elementor-element-1868b70 e-con-full e-flex e-con e-child\" data-id=\"1868b70\" data-element_type=\"container\">\n\t\t\t\t<div class=\"elementor-element elementor-element-0ccef22 elementor-widget elementor-widget-image\" data-id=\"0ccef22\" data-element_type=\"widget\" data-widget_type=\"image.default\">\n\t\t\t\t<div class=\"elementor-widget-container\">\n\t\t\t\t\t\t\t\t\t\t\t\t\t\t\t<img decoding=\"async\" width=\"172\" height=\"173\" src=\"https:\/\/whitneyuniversitysystem.com\/wp-content\/uploads\/2025\/04\/image-8.png\" class=\"attachment-large size-large wp-image-33\" alt=\"\" srcset=\"https:\/\/whitneyuniversitysystem.com\/wp-content\/uploads\/2025\/04\/image-8.png 172w, https:\/\/whitneyuniversitysystem.com\/wp-content\/uploads\/2025\/04\/image-8-150x150.png 150w\" sizes=\"(max-width: 172px) 100vw, 172px\" \/>\t\t\t\t\t\t\t\t\t\t\t\t\t\t\t<\/div>\n\t\t\t\t<\/div>\n\t\t\t\t<\/div>\n\t\t<div class=\"elementor-element elementor-element-b12f414 e-con-full e-flex e-con e-child\" data-id=\"b12f414\" data-element_type=\"container\">\n\t\t\t\t<div class=\"elementor-element elementor-element-da9b10c elementor-widget elementor-widget-text-editor\" data-id=\"da9b10c\" data-element_type=\"widget\" data-widget_type=\"text-editor.default\">\n\t\t\t\t<div class=\"elementor-widget-container\">\n\t\t\t\t\t\t\t\t\t<p>Exploramos alianzas estrat\u00e9gicas en educaci\u00f3n superior.\u00a0<\/p>\t\t\t\t\t\t\t\t<\/div>\n\t\t\t\t<\/div>\n\t\t\t\t<\/div>\n\t\t\t\t<\/div>\n\t\t<div class=\"elementor-element elementor-element-d8ea2f6 e-con-full e-flex e-con e-child\" data-id=\"d8ea2f6\" data-element_type=\"container\">\n\t\t<div class=\"elementor-element elementor-element-40bb648 e-con-full e-flex e-con e-child\" data-id=\"40bb648\" data-element_type=\"container\">\n\t\t\t\t<div class=\"elementor-element elementor-element-db33cc8 elementor-widget elementor-widget-image\" data-id=\"db33cc8\" data-element_type=\"widget\" data-widget_type=\"image.default\">\n\t\t\t\t<div class=\"elementor-widget-container\">\n\t\t\t\t\t\t\t\t\t\t\t\t\t\t\t<img loading=\"lazy\" decoding=\"async\" width=\"172\" height=\"173\" src=\"https:\/\/whitneyuniversitysystem.com\/wp-content\/uploads\/2025\/04\/image-11.png\" class=\"attachment-large size-large wp-image-32\" alt=\"\" srcset=\"https:\/\/whitneyuniversitysystem.com\/wp-content\/uploads\/2025\/04\/image-11.png 172w, https:\/\/whitneyuniversitysystem.com\/wp-content\/uploads\/2025\/04\/image-11-150x150.png 150w\" sizes=\"(max-width: 172px) 100vw, 172px\" \/>\t\t\t\t\t\t\t\t\t\t\t\t\t\t\t<\/div>\n\t\t\t\t<\/div>\n\t\t\t\t<\/div>\n\t\t<div class=\"elementor-element elementor-element-29ea716 e-con-full e-flex e-con e-child\" data-id=\"29ea716\" data-element_type=\"container\">\n\t\t\t\t<div class=\"elementor-element elementor-element-d1e0f44 elementor-widget elementor-widget-text-editor\" data-id=\"d1e0f44\" data-element_type=\"widget\" data-widget_type=\"text-editor.default\">\n\t\t\t\t<div class=\"elementor-widget-container\">\n\t\t\t\t\t\t\t\t\t<p>Promovemos proyectos acad\u00e9micos con visi\u00f3n internacional.\u00a0<\/p><p>\u00a0<\/p>\t\t\t\t\t\t\t\t<\/div>\n\t\t\t\t<\/div>\n\t\t\t\t<\/div>\n\t\t\t\t<\/div>\n\t\t<div class=\"elementor-element elementor-element-682b872 e-con-full e-flex e-con e-child\" data-id=\"682b872\" data-element_type=\"container\">\n\t\t<div class=\"elementor-element elementor-element-4a2277e e-con-full e-flex e-con e-child\" data-id=\"4a2277e\" data-element_type=\"container\">\n\t\t\t\t<div class=\"elementor-element elementor-element-af40fd1 elementor-widget elementor-widget-image\" data-id=\"af40fd1\" data-element_type=\"widget\" data-widget_type=\"image.default\">\n\t\t\t\t<div class=\"elementor-widget-container\">\n\t\t\t\t\t\t\t\t\t\t\t\t\t\t\t<img loading=\"lazy\" decoding=\"async\" width=\"172\" height=\"173\" src=\"https:\/\/whitneyuniversitysystem.com\/wp-content\/uploads\/2025\/04\/image-12.png\" class=\"attachment-large size-large wp-image-31\" alt=\"\" srcset=\"https:\/\/whitneyuniversitysystem.com\/wp-content\/uploads\/2025\/04\/image-12.png 172w, https:\/\/whitneyuniversitysystem.com\/wp-content\/uploads\/2025\/04\/image-12-150x150.png 150w\" sizes=\"(max-width: 172px) 100vw, 172px\" \/>\t\t\t\t\t\t\t\t\t\t\t\t\t\t\t<\/div>\n\t\t\t\t<\/div>\n\t\t\t\t<\/div>\n\t\t<div class=\"elementor-element elementor-element-a02fba8 e-con-full e-flex e-con e-child\" data-id=\"a02fba8\" data-element_type=\"container\">\n\t\t\t\t<div class=\"elementor-element elementor-element-477bea9 elementor-widget elementor-widget-text-editor\" data-id=\"477bea9\" data-element_type=\"widget\" data-widget_type=\"text-editor.default\">\n\t\t\t\t<div class=\"elementor-widget-container\">\n\t\t\t\t\t\t\t\t\t<p>Apoyamos el dise\u00f1o e implementaci\u00f3n de soluciones educativas innovadoras.\u00a0<\/p>\t\t\t\t\t\t\t\t<\/div>\n\t\t\t\t<\/div>\n\t\t\t\t<\/div>\n\t\t\t\t<\/div>\n\t\t<div class=\"elementor-element elementor-element-88099ed e-con-full e-flex e-con e-child\" data-id=\"88099ed\" data-element_type=\"container\">\n\t\t<div class=\"elementor-element elementor-element-8b47c28 e-con-full e-flex e-con e-child\" data-id=\"8b47c28\" data-element_type=\"container\">\n\t\t\t\t<div class=\"elementor-element elementor-element-b6bdfd6 elementor-widget elementor-widget-image\" data-id=\"b6bdfd6\" data-element_type=\"widget\" data-widget_type=\"image.default\">\n\t\t\t\t<div class=\"elementor-widget-container\">\n\t\t\t\t\t\t\t\t\t\t\t\t\t\t\t<img loading=\"lazy\" decoding=\"async\" width=\"151\" height=\"151\" src=\"https:\/\/whitneyuniversitysystem.com\/wp-content\/uploads\/2025\/04\/image-6.png\" class=\"attachment-large size-large wp-image-34\" alt=\"\" \/>\t\t\t\t\t\t\t\t\t\t\t\t\t\t\t<\/div>\n\t\t\t\t<\/div>\n\t\t\t\t<\/div>\n\t\t<div class=\"elementor-element elementor-element-e62023b e-con-full e-flex e-con e-child\" data-id=\"e62023b\" data-element_type=\"container\">\n\t\t\t\t<div class=\"elementor-element elementor-element-44527a2 elementor-widget elementor-widget-text-editor\" data-id=\"44527a2\" data-element_type=\"widget\" data-widget_type=\"text-editor.default\">\n\t\t\t\t<div class=\"elementor-widget-container\">\n\t\t\t\t\t\t\t\t\t<p>Conectamos actores clave del ecosistema educativo global.\u00a0<\/p>\t\t\t\t\t\t\t\t<\/div>\n\t\t\t\t<\/div>\n\t\t\t\t<\/div>\n\t\t\t\t<\/div>\n\t\t\t\t<\/div>\n\t\t\t\t<\/div>\n\t\t\t\t<\/div>\n\t\t\t\t<\/div>\n\t\t\t\t\t<\/div>\n\t\t\t\t<\/div>\n\t\t<div class=\"elementor-element elementor-element-75fb9f5 e-flex e-con-boxed e-con e-parent\" data-id=\"75fb9f5\" data-element_type=\"container\">\n\t\t\t\t\t<div class=\"e-con-inner\">\n\t\t<div class=\"elementor-element elementor-element-7cf1d47 e-con-full e-flex e-con e-child\" data-id=\"7cf1d47\" data-element_type=\"container\">\n\t\t\t\t<div class=\"elementor-element elementor-element-b621f2f elementor-widget elementor-widget-heading\" data-id=\"b621f2f\" data-element_type=\"widget\" data-widget_type=\"heading.default\">\n\t\t\t\t<div class=\"elementor-widget-container\">\n\t\t\t\t\t<h4 class=\"elementor-heading-title elementor-size-default\">Nuestros aliados<\/h4>\t\t\t\t<\/div>\n\t\t\t\t<\/div>\n\t\t\t\t<div class=\"elementor-element elementor-element-1696c14 elementor-widget elementor-widget-heading\" data-id=\"1696c14\" data-element_type=\"widget\" data-widget_type=\"heading.default\">\n\t\t\t\t<div class=\"elementor-widget-container\">\n\t\t\t\t\t<h3 class=\"elementor-heading-title elementor-size-default\">Construyendo relaciones s\u00f3lidas para un crecimiento sostenible.<\/h3>\t\t\t\t<\/div>\n\t\t\t\t<\/div>\n\t\t<div class=\"elementor-element elementor-element-65c68cc e-con-full e-flex e-con e-child\" data-id=\"65c68cc\" data-element_type=\"container\">\n\t\t\t\t<div class=\"elementor-element elementor-element-3f3ba7f elementor-widget elementor-widget-image\" data-id=\"3f3ba7f\" data-element_type=\"widget\" data-widget_type=\"image.default\">\n\t\t\t\t<div class=\"elementor-widget-container\">\n\t\t\t\t\t\t\t\t\t\t\t\t\t\t\t<img loading=\"lazy\" decoding=\"async\" width=\"800\" height=\"280\" src=\"https:\/\/whitneyuniversitysystem.com\/wp-content\/uploads\/2025\/04\/b55a8b25-00c0-4583-8730-55aae50a5779-1024x358.png\" class=\"attachment-large size-large wp-image-102\" alt=\"\" srcset=\"https:\/\/whitneyuniversitysystem.com\/wp-content\/uploads\/2025\/04\/b55a8b25-00c0-4583-8730-55aae50a5779-1024x358.png 1024w, https:\/\/whitneyuniversitysystem.com\/wp-content\/uploads\/2025\/04\/b55a8b25-00c0-4583-8730-55aae50a5779-300x105.png 300w, https:\/\/whitneyuniversitysystem.com\/wp-content\/uploads\/2025\/04\/b55a8b25-00c0-4583-8730-55aae50a5779-768x269.png 768w, https:\/\/whitneyuniversitysystem.com\/wp-content\/uploads\/2025\/04\/b55a8b25-00c0-4583-8730-55aae50a5779-18x6.png 18w, https:\/\/whitneyuniversitysystem.com\/wp-content\/uploads\/2025\/04\/b55a8b25-00c0-4583-8730-55aae50a5779.png 1334w\" sizes=\"(max-width: 800px) 100vw, 800px\" \/>\t\t\t\t\t\t\t\t\t\t\t\t\t\t\t<\/div>\n\t\t\t\t<\/div>\n\t\t<div class=\"elementor-element elementor-element-64ecc43 e-con-full e-flex e-con e-child\" data-id=\"64ecc43\" data-element_type=\"container\">\n\t\t\t\t<\/div>\n\t\t\t\t<\/div>\n\t\t\t\t<\/div>\n\t\t\t\t\t<\/div>\n\t\t\t\t<\/div>\n\t\t<div class=\"elementor-element elementor-element-f554125 e-flex e-con-boxed e-con e-parent\" data-id=\"f554125\" data-element_type=\"container\">\n\t\t\t\t\t<div class=\"e-con-inner\">\n\t\t<div class=\"elementor-element elementor-element-4aeb429 e-con-full e-flex e-con e-child\" data-id=\"4aeb429\" data-element_type=\"container\">\n\t\t<div class=\"elementor-element elementor-element-57510bc e-con-full e-flex e-con e-child\" data-id=\"57510bc\" data-element_type=\"container\">\n\t\t<div class=\"elementor-element elementor-element-37c09a8 e-con-full e-flex e-con e-child\" data-id=\"37c09a8\" data-element_type=\"container\">\n\t\t\t\t<div class=\"elementor-element elementor-element-200a578 elementor-widget elementor-widget-image\" data-id=\"200a578\" data-element_type=\"widget\" data-widget_type=\"image.default\">\n\t\t\t\t<div class=\"elementor-widget-container\">\n\t\t\t\t\t\t\t\t\t\t\t\t\t\t\t<img loading=\"lazy\" decoding=\"async\" width=\"800\" height=\"468\" src=\"https:\/\/whitneyuniversitysystem.com\/wp-content\/uploads\/2025\/04\/image-3-1024x599.png\" class=\"attachment-large size-large wp-image-35\" alt=\"\" srcset=\"https:\/\/whitneyuniversitysystem.com\/wp-content\/uploads\/2025\/04\/image-3-1024x599.png 1024w, https:\/\/whitneyuniversitysystem.com\/wp-content\/uploads\/2025\/04\/image-3-300x175.png 300w, https:\/\/whitneyuniversitysystem.com\/wp-content\/uploads\/2025\/04\/image-3-768x449.png 768w, https:\/\/whitneyuniversitysystem.com\/wp-content\/uploads\/2025\/04\/image-3-1536x898.png 1536w, https:\/\/whitneyuniversitysystem.com\/wp-content\/uploads\/2025\/04\/image-3.png 1639w\" sizes=\"(max-width: 800px) 100vw, 800px\" \/>\t\t\t\t\t\t\t\t\t\t\t\t\t\t\t<\/div>\n\t\t\t\t<\/div>\n\t\t\t\t<\/div>\n\t\t\t\t<\/div>\n\t\t<div class=\"elementor-element elementor-element-d7f0af8 e-con-full e-flex e-con e-child\" data-id=\"d7f0af8\" data-element_type=\"container\">\n\t\t<div class=\"elementor-element elementor-element-533bd34 e-con-full e-flex e-con e-child\" data-id=\"533bd34\" data-element_type=\"container\">\n\t\t<div class=\"elementor-element elementor-element-0896d31 e-con-full e-flex e-con e-child\" data-id=\"0896d31\" data-element_type=\"container\">\n\t\t\t\t<div class=\"elementor-element elementor-element-8d202ba elementor-widget elementor-widget-heading\" data-id=\"8d202ba\" data-element_type=\"widget\" data-widget_type=\"heading.default\">\n\t\t\t\t<div class=\"elementor-widget-container\">\n\t\t\t\t\t<h2 class=\"elementor-heading-title elementor-size-default\">Iniciativas<\/h2>\t\t\t\t<\/div>\n\t\t\t\t<\/div>\n\t\t\t\t<\/div>\n\t\t<div class=\"elementor-element elementor-element-6b6407d e-con-full e-flex e-con e-child\" data-id=\"6b6407d\" data-element_type=\"container\">\n\t\t\t\t<div class=\"elementor-element elementor-element-eac0761 elementor-widget elementor-widget-text-editor\" data-id=\"eac0761\" data-element_type=\"widget\" data-widget_type=\"text-editor.default\">\n\t\t\t\t<div class=\"elementor-widget-container\">\n\t\t\t\t\t\t\t\t\t<p>Actualmente nos encontramos en etapa de desarrollo y evaluaci\u00f3n de iniciativas acad\u00e9micas con potencial de impacto regional e internacional. Nuestro enfoque est\u00e1 en la colaboraci\u00f3n y la innovaci\u00f3n educativa.\u00a0<\/p>\t\t\t\t\t\t\t\t<\/div>\n\t\t\t\t<\/div>\n\t\t\t\t<\/div>\n\t\t\t\t<\/div>\n\t\t\t\t<\/div>\n\t\t\t\t<\/div>\n\t\t\t\t\t<\/div>\n\t\t\t\t<\/div>\n\t\t\t\t<\/div>","protected":false},"excerpt":{"rendered":"<p>Connecting ideas, technology, and education to build the future.\u00a0 We are a global educational platform based in the United States, created to explore, link, and develop opportunities in higher education.\u00a0\u00a0 Connecting ideas, technology, and education to build the future.\u00a0 We are a global educational platform based in the United States, created to explore, link, and [&hellip;]<\/p>","protected":false},"author":1,"featured_media":0,"parent":0,"menu_order":0,"comment_status":"closed","ping_status":"closed","template":"","meta":{"footnotes":""},"class_list":["post-11","page","type-page","status-publish","hentry"],"_links":{"self":[{"href":"https:\/\/whitneyuniversitysystem.com\/es\/wp-json\/wp\/v2\/pages\/11","targetHints":{"allow":["GET"]}}],"collection":[{"href":"https:\/\/whitneyuniversitysystem.com\/es\/wp-json\/wp\/v2\/pages"}],"about":[{"href":"https:\/\/whitneyuniversitysystem.com\/es\/wp-json\/wp\/v2\/types\/page"}],"author":[{"embeddable":true,"href":"https:\/\/whitneyuniversitysystem.com\/es\/wp-json\/wp\/v2\/users\/1"}],"replies":[{"embeddable":true,"href":"https:\/\/whitneyuniversitysystem.com\/es\/wp-json\/wp\/v2\/comments?post=11"}],"version-history":[{"count":68,"href":"https:\/\/whitneyuniversitysystem.com\/es\/wp-json\/wp\/v2\/pages\/11\/revisions"}],"predecessor-version":[{"id":129,"href":"https:\/\/whitneyuniversitysystem.com\/es\/wp-json\/wp\/v2\/pages\/11\/revisions\/129"}],"wp:attachment":[{"href":"https:\/\/whitneyuniversitysystem.com\/es\/wp-json\/wp\/v2\/media?parent=11"}],"curies":[{"name":"wp","href":"https:\/\/api.w.org\/{rel}","templated":true}]}}